{"id":7,"date":"2018-05-23T21:48:16","date_gmt":"2018-05-23T21:48:16","guid":{"rendered":"http:\/\/surveypago.com\/surveypago-2\/?page_id=7"},"modified":"2019-09-18T20:22:49","modified_gmt":"2019-09-18T20:22:49","slug":"rewards","status":"publish","type":"page","link":"https:\/\/surveypago.com\/tr\/rewards\/","title":{"rendered":"REWARDS"},"content":{"rendered":"<p><!-- Call To Action --><\/p>\n<div id=\"cta\">\n<div class=\"container centered\">\n<h1 style=\"color:#ffffff\"><b>  \u00d6d\u00fcller  <\/b><\/h1>\n<\/div>\n<\/div>\n<p><\/br><\/p>\n<section class=\"home-data-container bg-blue\">\n<div class=\"container\">\n<div class=\"row\">\n<div>\n<div class=\"data-container\">\n          <img decoding=\"async\" align=\"Top\" src=\"http:\/\/surveypago.com\/surveypago-2\/wp-content\/uploads\/sites\/4\/2018\/05\/img_7.jpg\" alt=\"opina_top\" style=\"float: left; margin: 10px;\" \/> <\/p>\n<h3 class=\"page_title\"> Anket Doldurarak \u00d6d\u00fcller Kazan\u0131n <\/h3>\n<p>\nSurvey Pago Paneli, farkl\u0131 konular\u0131 kapsayan ve \u00f6d\u00fcller kazand\u0131ran anketlerle \u00e7e\u015fitli zaman aral\u0131klar\u0131yla kat\u0131lmak isteyen bireyleri bir araya getiriyor: Yeni \u00fcr\u00fcnler veya hizmetler, web siteleri, TV programlar\u0131, dergiler, reklamlar\u2026 Her \u00fcye kendilerine iletilen anketlere kat\u0131lmak ya da kat\u0131lmamak konusunda \u00f6zg\u00fcrd\u00fcr. Anketlere d\u00fczenli aral\u0131klarla kat\u0131lma zorunlulu\u011fu da yoktur.<\/p>\n<p> <\/p>\n<p>T\u00fcm kullan\u0131c\u0131lar\u0131m\u0131za en kaliteli anketleri sunmaktay\u0131z. Bu sebeple, bir s\u00fcr\u00fc \u015firket aras\u0131ndan sizin i\u00e7in en uygun olan se\u00e7ene\u011fi se\u00e7me f\u0131rsat\u0131 yakalayacaks\u0131n\u0131z. Evinizde rahat ortamda anketleri tamamlayarak \u00f6d\u00fcller kazanman\u0131n tad\u0131n\u0131 \u00e7\u0131kart\u0131n<\/p>\n<\/p><\/div>\n<\/p><\/div>\n<\/p><\/div>\n<\/p><\/div>\n<\/section>\n<div class=\"container g\">\n<div class=\"mid_part clearfix\">\n<div class=\"page_content\">\n<p><strong> \u00d6d\u00fcllerinizi Ya da Hediye Kuponlar\u0131n\u0131z\u0131 Se\u00e7in <\/strong><\/p>\n<p><span style=\"line-height: 1.6em;\"> Basit bir \u00f6d\u00fcl modelimiz var. Tamamlad\u0131\u011f\u0131n\u0131z her anket i\u00e7in \u00f6d\u00fcl puan\u0131 kazan\u0131n. Minimum \u00f6deme tutar\u0131na ula\u015ft\u0131\u011f\u0131n\u0131z anda \u00f6d\u00fcllerinizi talep edebilirsiniz. Elektronik olarak verilen Hediye kuponlar\u0131ndan birini (Yemeksepeti Hediye \u00c7eki, eGifts) ile talep edilen \u00f6d\u00fcllerden birini se\u00e7in.\u00d6d\u00fcl sistemi basit, \u015feffaf ve kolayd\u0131r. En d\u00fc\u015f\u00fck bakiyeye ula\u015ft\u0131\u011f\u0131n\u0131z anda \u00f6d\u00fcller talep edilebilir veya daha sonra teslim almak \u00fczere kaydedebilirsiniz. <\/span><\/p>\n<\/div>\n<\/div>\n<\/div>\n<p><\/br><\/p>\n<p><!-- \/more info --><\/p>\n<div class=\"container\">\n<div class=\"row\">\n<h4 class=\"centered\"><b> \u00d6demelerinizi G\u00fcvenli \u015eekilde Teslim Al\u0131n <\/b><\/h4>\n<p>&nbsp;<\/p>\n<div class=\"col-md-4\">\n<div class=\"bc\">\n<p><img decoding=\"async\" class=\"img-responsive\" src=\"http:\/\/surveypago.com\/surveypago-2\/wp-content\/uploads\/sites\/4\/2018\/05\/img_5.jpg\" alt=\"\" \/><\/p>\n<h4 class=\"centered\"><b> Hediye Kart\u0131 <\/b><\/h4>\n<p>Yeterli bakiyeye ula\u015ft\u0131ktan sonra e-Hediye Kart\u0131n\u0131z\u0131n( e-Gift Card) talep kodunu do\u011frudan e-<br \/>\nposta adresinize teslim almay\u0131 se\u00e7ebilirsiniz.<\/p>\n<\/div>\n<\/div>\n<div class=\"col-md-4\">\n<div class=\"bc\">\n<p><img decoding=\"async\" class=\"img-responsive\" src=\"http:\/\/surveypago.com\/surveypago-2\/wp-content\/uploads\/sites\/4\/2018\/05\/img_6.jpg\" alt=\"\" \/><\/p>\n<h4 class=\"centered\"><b> GCodes <\/b><\/h4>\n<p>GCodes sanal hediye kodlar\u0131, \u00fcr\u00fcnler, dijital dergiler, kitaplar, biletler ve daha fazlas\u0131 dahil<br \/>\nolmak \u00fczere bir\u00e7ok \u00f6d\u00fcl i\u00e7in kullan\u0131labilir! . <\/p>\n<\/div>\n<\/div>\n<\/div>\n<p><!-- \/row --><\/p>\n<p><!-- \/container -->\n<\/div>\n","protected":false},"excerpt":{"rendered":"<p>\u00d6d\u00fcller Anket Doldurarak \u00d6d\u00fcller Kazan\u0131n Survey Pago Paneli, farkl\u0131 konular\u0131 kapsayan ve \u00f6d\u00fcller kazand\u0131ran anketlerle \u00e7e\u015fitli zaman aral\u0131klar\u0131yla kat\u0131lmak isteyen bireyleri bir araya getiriyor: Yeni \u00fcr\u00fcnler veya hizmetler, web siteleri, TV programlar\u0131, dergiler, reklamlar\u2026 Her \u00fcye kendilerine iletilen anketlere kat\u0131lmak ya da kat\u0131lmamak konusunda \u00f6zg\u00fcrd\u00fcr. Anketlere d\u00fczenli aral\u0131klarla kat\u0131lma zorunlulu\u011fu da yoktur. T\u00fcm kullan\u0131c\u0131lar\u0131m\u0131za en [&hellip;]<\/p>\n","protected":false},"author":1,"featured_media":0,"parent":0,"menu_order":0,"comment_status":"closed","ping_status":"closed","template":"","meta":{"footnotes":""},"class_list":["post-7","page","type-page","status-publish","hentry"],"_links":{"self":[{"href":"https:\/\/surveypago.com\/tr\/wp-json\/wp\/v2\/pages\/7","targetHints":{"allow":["GET"]}}],"collection":[{"href":"https:\/\/surveypago.com\/tr\/wp-json\/wp\/v2\/pages"}],"about":[{"href":"https:\/\/surveypago.com\/tr\/wp-json\/wp\/v2\/types\/page"}],"author":[{"embeddable":true,"href":"https:\/\/surveypago.com\/tr\/wp-json\/wp\/v2\/users\/1"}],"replies":[{"embeddable":true,"href":"https:\/\/surveypago.com\/tr\/wp-json\/wp\/v2\/comments?post=7"}],"version-history":[{"count":40,"href":"https:\/\/surveypago.com\/tr\/wp-json\/wp\/v2\/pages\/7\/revisions"}],"predecessor-version":[{"id":414,"href":"https:\/\/surveypago.com\/tr\/wp-json\/wp\/v2\/pages\/7\/revisions\/414"}],"wp:attachment":[{"href":"https:\/\/surveypago.com\/tr\/wp-json\/wp\/v2\/media?parent=7"}],"curies":[{"name":"wp","href":"https:\/\/api.w.org\/{rel}","templated":true}]}}