{"id":254,"date":"2018-06-05T14:11:02","date_gmt":"2018-06-05T14:11:02","guid":{"rendered":"http:\/\/surveypago.com\/surveypago-2\/?page_id=254"},"modified":"2019-06-05T13:43:14","modified_gmt":"2019-06-05T13:43:14","slug":"login","status":"publish","type":"page","link":"https:\/\/surveypago.com\/tr\/login\/","title":{"rendered":"LOGIN"},"content":{"rendered":"<p><!-- Call To Action --><\/p>\n<div id=\"cta\">\n<div class=\"container centered\">\n<h1 style=\"color:#ffffff\"><b> Hesap <\/b><\/h1>\n<\/div>\n<\/div>\n<section id=\"cint_portal\">\n    <noscript> Panelist portal\u0131n\u0131 g\u00f6r\u00fcnt\u00fclemek i\u00e7in l\u00fctfen JavaScript&#8217;i etkinle\u015ftirin<br \/>\n <\/noscript><br \/>\n<\/section>\n<p><script>\n    function cint_config() {\n        this.panelGuid = \"1c01e720-8161-4edf-b01f-4c5dd95101f8\";\n    };\n<\/script><br \/>\n<script src=\"https:\/\/panelist.cint.com\/assets\/embed.min.js\"><\/script><\/p>\n","protected":false},"excerpt":{"rendered":"<p>Hesap Panelist portal\u0131n\u0131 g\u00f6r\u00fcnt\u00fclemek i\u00e7in l\u00fctfen JavaScript&#8217;i etkinle\u015ftirin<\/p>\n","protected":false},"author":1,"featured_media":0,"parent":0,"menu_order":0,"comment_status":"closed","ping_status":"closed","template":"","meta":{"footnotes":""},"class_list":["post-254","page","type-page","status-publish","hentry"],"_links":{"self":[{"href":"https:\/\/surveypago.com\/tr\/wp-json\/wp\/v2\/pages\/254","targetHints":{"allow":["GET"]}}],"collection":[{"href":"https:\/\/surveypago.com\/tr\/wp-json\/wp\/v2\/pages"}],"about":[{"href":"https:\/\/surveypago.com\/tr\/wp-json\/wp\/v2\/types\/page"}],"author":[{"embeddable":true,"href":"https:\/\/surveypago.com\/tr\/wp-json\/wp\/v2\/users\/1"}],"replies":[{"embeddable":true,"href":"https:\/\/surveypago.com\/tr\/wp-json\/wp\/v2\/comments?post=254"}],"version-history":[{"count":7,"href":"https:\/\/surveypago.com\/tr\/wp-json\/wp\/v2\/pages\/254\/revisions"}],"predecessor-version":[{"id":384,"href":"https:\/\/surveypago.com\/tr\/wp-json\/wp\/v2\/pages\/254\/revisions\/384"}],"wp:attachment":[{"href":"https:\/\/surveypago.com\/tr\/wp-json\/wp\/v2\/media?parent=254"}],"curies":[{"name":"wp","href":"https:\/\/api.w.org\/{rel}","templated":true}]}}