{"id":22,"date":"2018-05-23T22:00:52","date_gmt":"2018-05-23T22:00:52","guid":{"rendered":"http:\/\/surveypago.com\/surveypago-2\/?page_id=22"},"modified":"2020-09-25T19:38:20","modified_gmt":"2020-09-25T19:38:20","slug":"home","status":"publish","type":"page","link":"https:\/\/surveypago.com\/tr\/","title":{"rendered":"HOME"},"content":{"rendered":"<div id=\"aboutwrap\">\n<div class=\"container\">\n<div class=\"row\">\n<h2 style=\"color: #ffffff; font-weight: 500;\"> Anketleri Cevaplayarak Kazan\u0131n.<\/h2>\n<div class=\"container sinfo\" style=\"max-width: 60%;\">\n<h4 style=\"color: #ffffff;\">\u0130lginizi \u00e7eken anketlere kat\u0131l\u0131n. <\/h4>\n<h4 style=\"color: #ffffff;\">Hemen kazanmaya ba\u015flay\u0131n!! <\/h4>\n<h4 style=\"color: #ffffff;\"> \u00d6deme metodunuzu se\u00e7in! <\/h4>\n<p><\/br><a href=\"http:\/\/surveypago.com\/tr\/join\/?\"><button class=\"btn btn-embossed btn-snd\" style=\"font-size:20px\"> PANEL\u0130M\u0130ZE KATILIN <\/button><\/a>\n<\/div>\n<\/div>\n<\/div>\n<\/div>\n<p><!-- \/aboutrwrap --><\/p>\n<p><!-- container --><\/p>\n<div id=\"g\">\n<div class=\"container\">\n<div class=\"row\">\n<h4 class=\"centered\"><b> Anketlere Kat\u0131lma Nedenleri <\/b><\/h4>\n<p>&nbsp;<\/p>\n<div class=\"col-md-4\">\n<div class=\"bc\">\n<p><img decoding=\"async\" class=\"img-responsive\" src=\"http:\/\/surveypago.com\/tr\/wp-content\/uploads\/sites\/4\/2018\/05\/img_home1.jpg\" alt=\"\" \/><\/p>\n<h4 class=\"centered\"><b> \u00d6d\u00fcller kazan\u0131n <\/b><\/h4>\n<p>Tamamlad\u0131\u011f\u0131n\u0131z her anket i\u00e7in sizi \u00f6d\u00fcllendirerek kazanc\u0131n\u0131z\u0131 diledi\u011finiz gibi harcaman\u0131z i\u00e7in sizlere yard\u0131mc\u0131 oluyoruz.<\/p>\n<\/div>\n<\/div>\n<div class=\"col-md-4\">\n<div class=\"bc\">\n<p><img decoding=\"async\" class=\"img-responsive\" src=\"http:\/\/surveypago.com\/tr\/wp-content\/uploads\/sites\/4\/2018\/05\/img_home2.jpg\" alt=\"\" \/><\/p>\n<h4 class=\"centered\"><b> K\u0131sa, kolay anketler<\/b><\/h4>\n<p>Online anketlerimizi tamamlamak normalde 2-15 dakika s\u00fcrd\u00fc\u011f\u00fcnden g\u00fcn i\u00e7erisinde sizin g\u00fcnl\u00fck plan\u0131n\u0131za olduk\u00e7a uyumludur\n<\/p><\/div>\n<\/div>\n<div class=\"col-md-4\">\n<div class=\"bc\">\n<p><img decoding=\"async\" class=\"img-responsive\" src=\"http:\/\/surveypago.com\/tr\/wp-content\/uploads\/sites\/4\/2018\/05\/img_home3.jpg\" alt=\"\" \/><\/p>\n<h4 class=\"centered\"><b> E\u011flenceli ve Bedava <\/b><\/h4>\n<p>G\u00fcnl\u00fck \u015feyler hakk\u0131ndaki fikirleriniz bizim i\u00e7in olduk\u00e7a \u00f6nemli, bu nedenle g\u00fcnl\u00fck<br \/>\nkulland\u0131\u011f\u0131n\u0131z \u00fcr\u00fcnler hakk\u0131ndaki d\u00fc\u015f\u00fcnceleriniz i\u00e7in sizleri \u00f6d\u00fcllendirece\u011fiz.<\/p>\n<\/div>\n<\/div>\n<\/div>\n<p><!-- \/row --><\/p>\n<\/div>\n<p><!-- \/container --><\/p>\n<p><!-- Call To Action --><\/p>\n<div id=\"cta\">\n<div class=\"container centered\">\n<h3>F\u0130K\u0130RLER\u0130N\u0130Z\u0130 BEL\u0130RT\u0130N VE \u00d6D\u00dcLLER KAZANIN <\/h3>\n<h4 style=\"color:#ffffff\"> Anketleri cevaplay\u0131n ve her anket i\u00e7in $0.68 ile $11.90 TRY de\u011ferinde \u00f6d\u00fcller kazan\u0131n. <\/h><\/p>\n<p><a href=\"http:\/\/surveypago.com\/tr\/join\/?\"><button class=\"btn btn-embossed btn-primary\"> PANEL\u0130M\u0130ZE KATILIN <\/button><\/a><\/p>\n<\/div>\n<\/div>\n<div class=\"container sinfo\" style=\"background-color: #ffffff;\">\n<div class=\"row\">\n<div class=\"col-lg-6\"><img decoding=\"async\" class=\"img-responsive\" src=\"http:\/\/surveypago.com\/tr\/wp-content\/uploads\/sites\/4\/2018\/06\/imagem_home_gr_3.jpg\" alt=\"\" \/><\/div>\n<p><!-- \/col-lg-6 --><\/p>\n<div class=\"col-lg-6\">\n<h4 style=\"color:#f0555d ; font-weight: bold; \"> Kaydolun, anketleri tamamlay\u0131n, \u00f6d\u00fcller kazan\u0131n. <\/h4>\n<p style=\"color: #104f85;\"> \u00d6nde gelen firmalar \u00fcr\u00fcnler ve servisler hakk\u0131nda fikirlerinizi bilmek istiyorlar. Bu sebeple,<br \/>\ntamamlad\u0131\u011f\u0131n\u0131z her anket i\u00e7in hediyeler ve \u00f6d\u00fcller kazanabilir, diledi\u011finiz zaman \u00f6d\u00fcllerde harcamak \u00fczere kenarda para biriktirebilir ya da kendinizi veya bir ba\u015fkas\u0131n\u0131 \u00f6d\u00fcllendirebilirsiniz.Kat\u0131ld\u0131\u011f\u0131n\u0131z anketin uzunlu\u011funa ve t\u00fcr\u00fcne ba\u011fl\u0131 olarak kazanc\u0131n\u0131z\u0131 art\u0131rabilirsiniz. Ek olarak anketler konu \u00e7e\u015fitlili\u011fine sahiptir.<\/p>\n<p>Hemen ba\u015flamak ve kat\u0131lmak i\u00e7in a\u015fa\u011f\u0131daki kay\u0131t ol butonuna t\u0131klay\u0131n.\n<\/p>\n<p><a href=\"http:\/\/surveypago.com\/tr\/join\/?\"><button class=\"btn btn-embossed btn-primary\"> Hemen Kay\u0131t Ol! <\/button><\/a>\n<\/div>\n<p><!-- \/col-lg-6 -->\n<\/div>\n<p><!-- \/row -->\n<\/div>\n<p><!-- grey wrap -->\n<\/div>\n","protected":false},"excerpt":{"rendered":"<p>Anketleri Cevaplayarak Kazan\u0131n. \u0130lginizi \u00e7eken anketlere kat\u0131l\u0131n. Hemen kazanmaya ba\u015flay\u0131n!! \u00d6deme metodunuzu se\u00e7in! PANEL\u0130M\u0130ZE KATILIN Anketlere Kat\u0131lma Nedenleri &nbsp; \u00d6d\u00fcller kazan\u0131n Tamamlad\u0131\u011f\u0131n\u0131z her anket i\u00e7in sizi \u00f6d\u00fcllendirerek kazanc\u0131n\u0131z\u0131 diledi\u011finiz gibi harcaman\u0131z i\u00e7in sizlere yard\u0131mc\u0131 oluyoruz. K\u0131sa, kolay anketler Online anketlerimizi tamamlamak normalde 2-15 dakika s\u00fcrd\u00fc\u011f\u00fcnden g\u00fcn i\u00e7erisinde sizin g\u00fcnl\u00fck plan\u0131n\u0131za olduk\u00e7a uyumludur E\u011flenceli ve Bedava [&hellip;]<\/p>\n","protected":false},"author":1,"featured_media":0,"parent":0,"menu_order":0,"comment_status":"closed","ping_status":"closed","template":"","meta":{"footnotes":""},"class_list":["post-22","page","type-page","status-publish","hentry"],"_links":{"self":[{"href":"https:\/\/surveypago.com\/tr\/wp-json\/wp\/v2\/pages\/22","targetHints":{"allow":["GET"]}}],"collection":[{"href":"https:\/\/surveypago.com\/tr\/wp-json\/wp\/v2\/pages"}],"about":[{"href":"https:\/\/surveypago.com\/tr\/wp-json\/wp\/v2\/types\/page"}],"author":[{"embeddable":true,"href":"https:\/\/surveypago.com\/tr\/wp-json\/wp\/v2\/users\/1"}],"replies":[{"embeddable":true,"href":"https:\/\/surveypago.com\/tr\/wp-json\/wp\/v2\/comments?post=22"}],"version-history":[{"count":80,"href":"https:\/\/surveypago.com\/tr\/wp-json\/wp\/v2\/pages\/22\/revisions"}],"predecessor-version":[{"id":436,"href":"https:\/\/surveypago.com\/tr\/wp-json\/wp\/v2\/pages\/22\/revisions\/436"}],"wp:attachment":[{"href":"https:\/\/surveypago.com\/tr\/wp-json\/wp\/v2\/media?parent=22"}],"curies":[{"name":"wp","href":"https:\/\/api.w.org\/{rel}","templated":true}]}}