{"id":7,"date":"2018-05-23T21:48:16","date_gmt":"2018-05-23T21:48:16","guid":{"rendered":"http:\/\/surveypago.com\/surveypago-2\/?page_id=7"},"modified":"2022-11-10T11:56:26","modified_gmt":"2022-11-10T11:56:26","slug":"rewards","status":"publish","type":"page","link":"https:\/\/surveypago.com\/fr\/rewards\/","title":{"rendered":"REWARDS"},"content":{"rendered":"<p><!-- Call To Action --><\/p>\n<div id=\"cta\">\n<div class=\"container centered\">\n<h1 style=\"color:#ffffff\"><b>  R\u00e9compenses <\/b><\/h1>\n<\/div>\n<\/div>\n<p><\/br><\/p>\n<section class=\"home-data-container bg-blue\">\n<div class=\"container\">\n<div class=\"row\">\n<div>\n<div class=\"data-container\">\n          <img decoding=\"async\" align=\"Top\" src=\"http:\/\/surveypago.com\/surveypago-2\/wp-content\/uploads\/sites\/23\/2018\/05\/img_7.jpg\" alt=\"opina_top\" style=\"float: left; margin: 10px;\" \/> <\/p>\n<h3 class=\"page_title\">Soyez pay\u00e9 pour les sondages<br \/>\n<\/h3>\n<p> Le Panel Survey Pago rassemble des individus d\u00e9sireux de participer de temps \u00e0 autre \u00e0 des sondages r\u00e9mun\u00e9r\u00e9s couvrant une vari\u00e9t\u00e9 de sujets: nouveaux produits ou services, sites Web, programmes TV, magazines, publicit\u00e9s\u2026 Chaque membre est libre de d\u00e9cider de sa participation aux sondages qui leur sont adress\u00e9s et n&#8217;est en aucun cas oblig\u00e9 de participer \u00e0 intervalles r\u00e9guliers.<\/p>\n<p>Nous offrons les meilleures enqu\u00eates de qualit\u00e9 \u00e0 tous nos utilisateurs, ce qui vous permettra d&#8217;acc\u00e9der \u00e0 une diversit\u00e9 d&#8217;entreprises et vous aurez la possibilit\u00e9 de choisir la meilleure option pour vous. Commencez \u00e0 gagner des compensations pour r\u00e9pondre \u00e0 des sondages dans le confort de votre foyer.<\/p>\n<\/p><\/div>\n<\/p><\/div>\n<\/p><\/div>\n<\/p><\/div>\n<\/section>\n<div class=\"container g\">\n<div class=\"mid_part clearfix\">\n<div class=\"page_content\">\n<p>Lorsque vous rejoignez SurveyPago Panel, vous aurez l&#8217;opportunit\u00e9 de gagner des r\u00e9compenses pour avoir r\u00e9pondu r\u00e9guli\u00e8rement \u00e0 des sondages et sondages en ligne courts. La plupart de nos sondages sont courts, faciles et amusants \u00e0 r\u00e9aliser. Et contrairement \u00e0 de nombreux panels d&#8217;enqu\u00eate, vous serez admissible \u00e0 la plupart des invitations \u00e0 l&#8217;enqu\u00eate que nous envoyons.\n<\/p>\n<p><strong>Choisissez des r\u00e9compenses en argent ou des ch\u00e8ques-cadeaux<\/strong><\/p>\n<p><span style=\"line-height: 1.6em;\">We have a simple rewards model. For every survey you complete, earn reward points. <\/span>Nous avons un mod\u00e8le de r\u00e9compenses simple. Pour chaque enqu\u00eate que vous remplissez, gagnez des points de r\u00e9compense. Vous pouvez r\u00e9clamer vos r\u00e9compenses une fois que vous avez atteint le montant minimum du paiement. Choisissez soit des ch\u00e8ques cadeaux livr\u00e9s par voie \u00e9lectronique (Amazon ou GiftPay eGifts), soit des r\u00e9compenses en esp\u00e8ces r\u00e9clam\u00e9es via Pay Pal. Simple, transparent et facile. Les r\u00e9compenses peuvent \u00eatre r\u00e9clam\u00e9es d\u00e8s que vous atteignez le solde minimum, ou enregistr\u00e9es pour plus tard.<br \/>\n <\/span><\/p>\n<\/div>\n<\/div>\n<\/div>\n<p><\/br><\/p>\n<p><!-- \/more info --><\/p>\n<div class=\"container\">\n<div class=\"row\">\n<h4 class=\"centered\"><b>  Recevez des paiements s\u00e9curis\u00e9s  <\/b><\/h4>\n<p>&nbsp;<\/p>\n<div class=\"col-md-4\">\n<div class=\"bc\">\n<p><img decoding=\"async\" class=\"img-responsive\" src=\"http:\/\/surveypago.com\/surveypago-2\/wp-content\/uploads\/sites\/23\/2018\/05\/img_4.jpg\" alt=\"\" \/><\/p>\n<h4 class=\"centered\"><b> PayPal <\/b><\/h4>\n<p>Si vous n&#8217;avez pas de compte PayPal, PayPal le configurera automatiquement et vous enverra des d\u00e9tails sur la fa\u00e7on de vous connecter une fois le transfert termin\u00e9.<\/p>\n<\/div>\n<\/div>\n<div class=\"col-md-4\">\n<div class=\"bc\">\n<p><img decoding=\"async\" class=\"img-responsive\" src=\"http:\/\/surveypago.com\/surveypago-2\/wp-content\/uploads\/sites\/23\/2018\/05\/img_5.jpg\" alt=\"\" \/><\/p>\n<h4 class=\"centered\"><b> Carte cadeau <\/b><\/h4>\n<p>Une fois que vous avez accumul\u00e9 suffisamment de cr\u00e9dit, vous pouvez recevoir votre code de demande de carte-cadeau \u00e9lectronique directement \u00e0 votre adresse e-mail.<\/p>\n<\/div>\n<\/div>\n<div class=\"col-md-4\">\n<div class=\"bc\">\n<p><img decoding=\"async\" class=\"img-responsive\" src=\"http:\/\/surveypago.com\/surveypago-2\/wp-content\/uploads\/sites\/23\/2018\/05\/img_6.jpg\" alt=\"\" \/><\/p>\n<h4 class=\"centered\"><b> GCodes <\/b><\/h4>\n<p>Les codes cadeaux virtuels GCodes peuvent \u00eatre \u00e9chang\u00e9s contre de nombreuses r\u00e9compenses, notamment des produits d\u00e9riv\u00e9s, des magazines num\u00e9riques, des livres, des billets et plus encore ! .<\/p>\n<\/div>\n<\/div>\n<\/div>\n<p>\n<center><br \/>\n<a href=\"https:\/\/trx.dgtrk2.com\/aff_c?offer_id=4793&#038;aff_id=12812\"><br \/>\n<img decoding=\"async\" src=\"https:\/\/banqueimageslibres.com\/wp-content\/uploads\/sites\/5\/2022\/11\/C01_728x90.pngg\" width='720' height='90' ><br \/>\n<\/a><br \/>\n<\/center><br \/>\n<!-- \/row --><\/p>\n<p><!-- \/container -->\n<\/div>\n","protected":false},"excerpt":{"rendered":"<p>R\u00e9compenses Soyez pay\u00e9 pour les sondages Le Panel Survey Pago rassemble des individus d\u00e9sireux de participer de temps \u00e0 autre \u00e0 des sondages r\u00e9mun\u00e9r\u00e9s couvrant une vari\u00e9t\u00e9 de sujets: nouveaux produits ou services, sites Web, programmes TV, magazines, publicit\u00e9s\u2026 Chaque membre est libre de d\u00e9cider de sa participation aux sondages qui leur sont adress\u00e9s et [&hellip;]<\/p>\n","protected":false},"author":1,"featured_media":0,"parent":0,"menu_order":0,"comment_status":"closed","ping_status":"closed","template":"","meta":{"footnotes":""},"class_list":["post-7","page","type-page","status-publish","hentry"],"_links":{"self":[{"href":"https:\/\/surveypago.com\/fr\/wp-json\/wp\/v2\/pages\/7","targetHints":{"allow":["GET"]}}],"collection":[{"href":"https:\/\/surveypago.com\/fr\/wp-json\/wp\/v2\/pages"}],"about":[{"href":"https:\/\/surveypago.com\/fr\/wp-json\/wp\/v2\/types\/page"}],"author":[{"embeddable":true,"href":"https:\/\/surveypago.com\/fr\/wp-json\/wp\/v2\/users\/1"}],"replies":[{"embeddable":true,"href":"https:\/\/surveypago.com\/fr\/wp-json\/wp\/v2\/comments?post=7"}],"version-history":[{"count":38,"href":"https:\/\/surveypago.com\/fr\/wp-json\/wp\/v2\/pages\/7\/revisions"}],"predecessor-version":[{"id":441,"href":"https:\/\/surveypago.com\/fr\/wp-json\/wp\/v2\/pages\/7\/revisions\/441"}],"wp:attachment":[{"href":"https:\/\/surveypago.com\/fr\/wp-json\/wp\/v2\/media?parent=7"}],"curies":[{"name":"wp","href":"https:\/\/api.w.org\/{rel}","templated":true}]}}