{"id":22,"date":"2018-05-23T22:00:52","date_gmt":"2018-05-23T22:00:52","guid":{"rendered":"http:\/\/surveypago.com\/surveypago-2\/?page_id=22"},"modified":"2022-11-10T11:56:46","modified_gmt":"2022-11-10T11:56:46","slug":"home","status":"publish","type":"page","link":"https:\/\/surveypago.com\/fr\/","title":{"rendered":"HOME"},"content":{"rendered":"<div id=\"aboutwrap\">\n<div class=\"container\">\n<div class=\"row\">\n<h2 style=\"color: #ffffff; font-weight: 500;\">Soyez pay\u00e9 pour r\u00e9pondre aux sondages.<br \/>\n<\/h2>\n<div class=\"container sinfo\" style=\"max-width: 60%;\">\n<h4 style=\"color: #ffffff;\">Participez \u00e0 des sondages int\u00e9ressants.<br \/>\n<\/h4>\n<h4 style=\"color: #ffffff;\">Commencez \u00e0 gagner rapidement !<br \/>\n<\/h4>\n<h4 style=\"color: #ffffff;\">Choisissez votre m\u00e9thode de paiement !<br \/>\n<\/h4>\n<p><\/br><a href=\"http:\/\/surveypago.com\/surveypago-2\/join\/?\"><button class=\"btn btn-embossed btn-snd\" style=\"font-size:20px\"> Rejoignez notre panel<br \/>\n <\/button><\/a>\n<\/div>\n<\/div>\n<\/div>\n<\/div>\n<p><!-- \/aboutrwrap --><\/p>\n<p><!-- container --><\/p>\n<div id=\"g\">\n<div class=\"container\">\n<div class=\"row\">\n<h4 class=\"centered\"><b> Raisons de rejoindre SurveyPago <\/b><\/h4>\n<p>&nbsp;<\/p>\n<div class=\"col-md-4\">\n<div class=\"bc\">\n<p><img decoding=\"async\" class=\"img-responsive\" src=\"http:\/\/surveypago.com\/surveypago-2\/wp-content\/uploads\/sites\/23\/2018\/05\/img_home1.jpg\" alt=\"\" \/><\/p>\n<h4 class=\"centered\"><b> \u00catre r\u00e9mun\u00e9r\u00e9<br \/>\n <\/b><\/h4>\n<p>Nous vous payons pour chaque enqu\u00eate que vous remplissez, vous aidant \u00e0 faire un petit suppl\u00e9ment \u00e0 d\u00e9penser comme vous le souhaitez.<\/p>\n<\/div>\n<\/div>\n<div class=\"col-md-4\">\n<div class=\"bc\">\n<p><img decoding=\"async\" class=\"img-responsive\" src=\"http:\/\/surveypago.com\/surveypago-2\/wp-content\/uploads\/sites\/23\/2018\/05\/img_home2.jpg\" alt=\"\" \/><\/p>\n<h4 class=\"centered\"><b> Enqu\u00eates courtes et simples<br \/>\n <\/b><\/h4>\n<p>Nos sondages en ligne durent g\u00e9n\u00e9ralement entre 2 et 15 minutes et sont donc faciles \u00e0 int\u00e9grer \u00e0 votre journ\u00e9e.<\/p>\n<\/div>\n<\/div>\n<div class=\"col-md-4\">\n<div class=\"bc\">\n<p><img decoding=\"async\" class=\"img-responsive\" src=\"http:\/\/surveypago.com\/surveypago-2\/wp-content\/uploads\/sites\/23\/2018\/05\/img_home3.jpg\" alt=\"\" \/><\/p>\n<h4 class=\"centered\"><b> C&#8217;est amusant et gratuit<br \/>\n <\/b><\/h4>\n<p>Ce sont vos opinions sur les choses du quotidien qui comptent. Nous vous paierons donc pour donner votre avis sur les produits que vous aimez utiliser au quotidien.<\/p>\n<\/div>\n<\/div>\n<\/div>\n<p><!-- \/row --><\/p>\n<\/div>\n<p><!-- \/container --><br \/>\n<center><\/p>\n<p> Publicidad<\/p>\n<p><a href=\"https:\/\/trx.dgtrk2.com\/aff_c?offer_id=4793&#038;aff_id=12812\"><br \/>\n<img decoding=\"async\" src=\"https:\/\/banqueimageslibres.com\/wp-content\/uploads\/sites\/5\/2022\/11\/C01_728x90.pngg\" width='720' height='90' ><br \/>\n<\/a><br \/>\n<\/center><br \/>\n<!-- Call To Action --><\/p>\n<div id=\"cta\">\n<div class=\"container centered\">\n<h3>Donnez-nous votre avis et soyez r\u00e9compens\u00e9 <\/h3>\n<h4 style=\"color:#ffffff\"> R\u00e9pondez aux sondages et gagnez de 0,25\u20ac \u00e0 5,00\u20ac pour chacun d&#8217;entre eux<br \/>\n<\/h><\/p>\n<p><a href=\"http:\/\/surveypago.com\/surveypago-2\/join\/?\"><button class=\"btn btn-embossed btn-primary\"> Rejoignez notre panel<br \/>\n <\/button><\/a><\/p>\n<\/div>\n<\/div>\n<div class=\"container sinfo\" style=\"background-color: #ffffff;\">\n<div class=\"row\">\n<div class=\"col-lg-6\"><img decoding=\"async\" class=\"img-responsive\" src=\"http:\/\/surveypago.com\/surveypago-2\/wp-content\/uploads\/sites\/23\/2018\/06\/imagem_home_gr_3.jpg\" alt=\"\" \/><\/div>\n<p><!-- \/col-lg-6 --><\/p>\n<div class=\"col-lg-6\">\n<h4 style=\"color:#f0555d ; font-weight: bold; \">Inscrivez-vous, remplissez des sondages, gagnez de l&#8217;argent.<br \/>\n<\/h4>\n<p style=\"color: #104f85;\">Les grandes marques veulent savoir ce que vous pensez de leurs produits et services. C\u2019est pourquoi vous pouvez \u00eatre pay\u00e9 pour vos sondages en esp\u00e8ces chaque fois que vous en remplissez un, ce qui vous permet de gagner un peu plus \u00e0 d\u00e9penser comme vous le souhaitez, que ce soit un r\u00e9gal pour quelqu&#8217;un d&#8217;autre ou un petit quelque chose que vous aimeriez.\n<\/p>\n<p style=\"color: #104f85;\">En fonction de la dur\u00e9e et du type d&#8217;enqu\u00eate auquel vous participez, vous pouvez augmenter vos revenus. Et avec des enqu\u00eates r\u00e9centes couvrant divers sujets.<br \/>\nPour commencer, cliquez sur le bouton ci-dessous pour vous inscrire.\n<\/p>\n<p><a href=\"http:\/\/surveypago.com\/surveypago-2\/join\/?\"><button class=\"btn btn-embossed btn-primary\"> INSCRIVEZ-VOUS AUJOURD\u2019HUI !<br \/>\n <\/button><\/a>\n<\/div>\n<p><!-- \/col-lg-6 -->\n<\/div>\n<p><!-- \/row -->\n<\/div>\n<p><!-- grey wrap -->\n<\/div>\n","protected":false},"excerpt":{"rendered":"<p>Soyez pay\u00e9 pour r\u00e9pondre aux sondages. Participez \u00e0 des sondages int\u00e9ressants. Commencez \u00e0 gagner rapidement ! Choisissez votre m\u00e9thode de paiement ! Rejoignez notre panel Raisons de rejoindre SurveyPago &nbsp; \u00catre r\u00e9mun\u00e9r\u00e9 Nous vous payons pour chaque enqu\u00eate que vous remplissez, vous aidant \u00e0 faire un petit suppl\u00e9ment \u00e0 d\u00e9penser comme vous le souhaitez. Enqu\u00eates [&hellip;]<\/p>\n","protected":false},"author":1,"featured_media":0,"parent":0,"menu_order":0,"comment_status":"closed","ping_status":"closed","template":"","meta":{"footnotes":""},"class_list":["post-22","page","type-page","status-publish","hentry"],"_links":{"self":[{"href":"https:\/\/surveypago.com\/fr\/wp-json\/wp\/v2\/pages\/22","targetHints":{"allow":["GET"]}}],"collection":[{"href":"https:\/\/surveypago.com\/fr\/wp-json\/wp\/v2\/pages"}],"about":[{"href":"https:\/\/surveypago.com\/fr\/wp-json\/wp\/v2\/types\/page"}],"author":[{"embeddable":true,"href":"https:\/\/surveypago.com\/fr\/wp-json\/wp\/v2\/users\/1"}],"replies":[{"embeddable":true,"href":"https:\/\/surveypago.com\/fr\/wp-json\/wp\/v2\/comments?post=22"}],"version-history":[{"count":79,"href":"https:\/\/surveypago.com\/fr\/wp-json\/wp\/v2\/pages\/22\/revisions"}],"predecessor-version":[{"id":442,"href":"https:\/\/surveypago.com\/fr\/wp-json\/wp\/v2\/pages\/22\/revisions\/442"}],"wp:attachment":[{"href":"https:\/\/surveypago.com\/fr\/wp-json\/wp\/v2\/media?parent=22"}],"curies":[{"name":"wp","href":"https:\/\/api.w.org\/{rel}","templated":true}]}}