{"id":11,"date":"2018-05-23T21:49:15","date_gmt":"2018-05-23T21:49:15","guid":{"rendered":"http:\/\/surveypago.com\/surveypago-2\/?page_id=11"},"modified":"2020-10-01T15:03:43","modified_gmt":"2020-10-01T15:03:43","slug":"about","status":"publish","type":"page","link":"https:\/\/surveypago.com\/fr\/about\/","title":{"rendered":"ABOUT"},"content":{"rendered":"<p><!-- Call To Action --><\/p>\n<div id=\"cta\">\n<div class=\"container centered\">\n<h1 style=\"color:#ffffff\"><b> \u00c0 propos de nous <\/b><\/h1>\n<\/div>\n<\/div>\n<section class=\"home-data-container bg-blue\">\n<div class=\"container\">\n<div class=\"row\">\n<div>\n<div class=\"data-container\">\n          <img decoding=\"async\" align=\"Top\" src=\"http:\/\/surveypago.com\/surveypago-2\/wp-content\/uploads\/sites\/23\/2018\/05\/img_7.jpg\" alt=\"opina_top\" style=\"float: left; margin: 10px;\" \/> <\/p>\n<p> Le Panel Survey Pago rassemble des individus d\u00e9sireux de participer de temps \u00e0 autre \u00e0 des sondages r\u00e9mun\u00e9r\u00e9s couvrant une vari\u00e9t\u00e9 de sujets: nouveaux produits ou services, sites web, programmes TV, magazines, publicit\u00e9s\u2026 Chaque membre est libre de d\u00e9cider s&#8217;il ou non participer aux enqu\u00eates qui leur sont adress\u00e9es et n\u2019est en aucun cas oblig\u00e9 de participer \u00e0 intervalles r\u00e9guliers.<\/p>\n<p>Nous offrons les meilleures enqu\u00eates de qualit\u00e9 \u00e0 tous nos utilisateurs, ce qui vous permettra d&#8217;acc\u00e9der \u00e0 une diversit\u00e9 d&#8217;entreprises et vous aurez la possibilit\u00e9 de choisir la meilleure option pour vous. Commencez \u00e0 gagner des compensations pour r\u00e9pondre \u00e0 des sondages dans le confort de votre foyer.<\/p>\n<\/p><\/div>\n<\/p><\/div>\n<\/p><\/div>\n<\/p><\/div>\n<\/section>\n","protected":false},"excerpt":{"rendered":"<p>\u00c0 propos de nous Le Panel Survey Pago rassemble des individus d\u00e9sireux de participer de temps \u00e0 autre \u00e0 des sondages r\u00e9mun\u00e9r\u00e9s couvrant une vari\u00e9t\u00e9 de sujets: nouveaux produits ou services, sites web, programmes TV, magazines, publicit\u00e9s\u2026 Chaque membre est libre de d\u00e9cider s&#8217;il ou non participer aux enqu\u00eates qui leur sont adress\u00e9es et n\u2019est [&hellip;]<\/p>\n","protected":false},"author":1,"featured_media":0,"parent":0,"menu_order":0,"comment_status":"closed","ping_status":"closed","template":"","meta":{"footnotes":""},"class_list":["post-11","page","type-page","status-publish","hentry"],"_links":{"self":[{"href":"https:\/\/surveypago.com\/fr\/wp-json\/wp\/v2\/pages\/11","targetHints":{"allow":["GET"]}}],"collection":[{"href":"https:\/\/surveypago.com\/fr\/wp-json\/wp\/v2\/pages"}],"about":[{"href":"https:\/\/surveypago.com\/fr\/wp-json\/wp\/v2\/types\/page"}],"author":[{"embeddable":true,"href":"https:\/\/surveypago.com\/fr\/wp-json\/wp\/v2\/users\/1"}],"replies":[{"embeddable":true,"href":"https:\/\/surveypago.com\/fr\/wp-json\/wp\/v2\/comments?post=11"}],"version-history":[{"count":12,"href":"https:\/\/surveypago.com\/fr\/wp-json\/wp\/v2\/pages\/11\/revisions"}],"predecessor-version":[{"id":420,"href":"https:\/\/surveypago.com\/fr\/wp-json\/wp\/v2\/pages\/11\/revisions\/420"}],"wp:attachment":[{"href":"https:\/\/surveypago.com\/fr\/wp-json\/wp\/v2\/media?parent=11"}],"curies":[{"name":"wp","href":"https:\/\/api.w.org\/{rel}","templated":true}]}}