{"id":7,"date":"2018-05-23T21:48:16","date_gmt":"2018-05-23T21:48:16","guid":{"rendered":"http:\/\/surveypago.com\/surveypago-2\/?page_id=7"},"modified":"2020-09-24T13:56:27","modified_gmt":"2020-09-24T13:56:27","slug":"rewards","status":"publish","type":"page","link":"http:\/\/surveypago.com\/mx\/rewards\/","title":{"rendered":"REWARDS"},"content":{"rendered":"<p><!-- Call To Action --><\/p>\n<div id=\"cta\">\n<div class=\"container centered\">\n<h1 style=\"color:#ffffff\"><b>  Recompensas <\/b><\/h1>\n<\/div>\n<\/div>\n<p><\/br><\/p>\n<section class=\"home-data-container bg-blue\">\n<div class=\"container\">\n<div class=\"row\">\n<div>\n<div class=\"data-container\">\n          <img decoding=\"async\" align=\"Top\" src=\"http:\/\/surveypago.com\/wp-content\/uploads\/sites\/3\/2018\/05\/img_7.jpg\" alt=\"opina_top\" style=\"float: left; margin: 10px;\" \/> <\/p>\n<h3 class=\"page_title\">Recibe dinero por completar encuestas<\/h3>\n<p> El Panel de SurveyPago re\u00fane a personas que est\u00e1n dispuestas a participar de vez en cuando en encuestas pagadas que cubren una variedad de materias: nuevos productos o servicios, sitios web, programas de televisi\u00f3n, revistas, anuncios &#8230; Cada miembro es libre de decidir si quiere  o no participar en las encuestas que se les env\u00edan y de ninguna manera est\u00e1 obligado a participar regularmente.<\/p>\n<p>Ofrecemos encuestas de la mejor calidad a todos nuestros usuarios, lo que le permitir\u00e1 acceder a una diversidad de compa\u00f1\u00edas y tendr\u00e1 la oportunidad de elegir la mejor opci\u00f3n para usted. Comience a ganar compensaciones por completar encuestas desde la comodidad de su hogar.<\/p>\n<\/p><\/div>\n<\/p><\/div>\n<\/p><\/div>\n<\/p><\/div>\n<\/section>\n<div class=\"container g\">\n<div class=\"mid_part clearfix\">\n<div class=\"page_content\">\n<p> Cuando se una al panel de SurveyPago, tendr\u00e1 la oportunidad de ganar recompensas por realizar encuestas y encuestas en l\u00ednea breves y regulares. La mayor\u00eda de nuestras encuestas son cortas, f\u00e1ciles y divertidas de hacer. Y a diferencia de muchos paneles de encuestas, calificar\u00e1 para la mayor\u00eda de las invitaciones a encuestas que enviamos.<\/p>\n<p><strong>Elige entre recompensas en efectivo o cupones de regalo <\/strong><\/p>\n<p><span style=\"line-height: 1.6em;\" Tenemos un modelo de recompensas simple. Por cada encuesta que completes, gana puntos de recompensa. <\/span> Puede reclamar sus recompensas una vez que alcanza el monto m\u00ednimo de pago.Elija cualquiera de los cupones de regalo entregados electr\u00f3nicamente (Amazon o GiftPay eGifts), o recompensas en efectivo reclamadas a trav\u00e9s de Pay Pal. Simple, transparente y f\u00e1cil. Las recompensas se pueden reclamar tan pronto como llegue al saldo m\u00ednimo, o se guardan para m\u00e1s adelante. <\/span><\/p>\n<\/div>\n<\/div>\n<\/div>\n<p><\/br><\/p>\n<p><!-- \/more info --><\/p>\n<div class=\"container\">\n<div class=\"row\">\n<h4 class=\"centered\"><b> Reciba pago seguro <\/b><\/h4>\n<p>&nbsp;<\/p>\n<div class=\"col-md-4\">\n<div class=\"bc\">\n<p><img decoding=\"async\" class=\"img-responsive\" src=\"http:\/\/surveypago.com\/wp-content\/uploads\/sites\/3\/2018\/05\/img_4.jpg\" alt=\"\" \/><\/p>\n<h4 class=\"centered\"><b> PayPal <\/b><\/h4>\n<p>Si no tiene una cuenta con PayPal, PayPal la configurar\u00e1 autom\u00e1ticamente y le enviar\u00e1 detalles sobre c\u00f3mo iniciar sesi\u00f3n cuando se complete la transferencia.<\/p>\n<\/div>\n<\/div>\n<div class=\"col-md-4\">\n<div class=\"bc\">\n<p><img decoding=\"async\" class=\"img-responsive\" src=\"http:\/\/surveypago.com\/wp-content\/uploads\/sites\/3\/2018\/05\/img_5.jpg\" alt=\"\" \/><\/p>\n<h4 class=\"centered\"><b> Gift Card <\/b><\/h4>\n<p>Despu\u00e9s de haber acumulado suficiente cr\u00e9dito, puede hacer que su c\u00f3digo de reclamo de la tarjeta de regalo electr\u00f3nica sea enviado directamente a su direcci\u00f3n de correo electr\u00f3nico.<\/p>\n<\/div>\n<\/div>\n<div class=\"col-md-4\">\n<div class=\"bc\">\n<p><img decoding=\"async\" class=\"img-responsive\" src=\"http:\/\/surveypago.com\/wp-content\/uploads\/sites\/3\/2018\/05\/img_6.jpg\" alt=\"\" \/><\/p>\n<h4 class=\"centered\"><b> GCodes <\/b><\/h4>\n<p>\u00a1Los c\u00f3digos de obsequio virtual de GCodes se pueden canjear por muchas recompensas que incluyen mercader\u00eda, revistas digitales, libros, boletos y m\u00e1s! .<\/p>\n<\/div>\n<\/div>\n<\/div>\n<p><!-- \/row --><\/p>\n<p><!-- \/container -->\n<\/div>\n","protected":false},"excerpt":{"rendered":"<p>Recompensas Recibe dinero por completar encuestas El Panel de SurveyPago re\u00fane a personas que est\u00e1n dispuestas a participar de vez en cuando en encuestas pagadas que cubren una variedad de materias: nuevos productos o servicios, sitios web, programas de televisi\u00f3n, revistas, anuncios &#8230; Cada miembro es libre de decidir si quiere o no participar en [&hellip;]<\/p>\n","protected":false},"author":1,"featured_media":0,"parent":0,"menu_order":0,"comment_status":"closed","ping_status":"closed","template":"","meta":{"footnotes":""},"class_list":["post-7","page","type-page","status-publish","hentry"],"_links":{"self":[{"href":"http:\/\/surveypago.com\/mx\/wp-json\/wp\/v2\/pages\/7","targetHints":{"allow":["GET"]}}],"collection":[{"href":"http:\/\/surveypago.com\/mx\/wp-json\/wp\/v2\/pages"}],"about":[{"href":"http:\/\/surveypago.com\/mx\/wp-json\/wp\/v2\/types\/page"}],"author":[{"embeddable":true,"href":"http:\/\/surveypago.com\/mx\/wp-json\/wp\/v2\/users\/1"}],"replies":[{"embeddable":true,"href":"http:\/\/surveypago.com\/mx\/wp-json\/wp\/v2\/comments?post=7"}],"version-history":[{"count":37,"href":"http:\/\/surveypago.com\/mx\/wp-json\/wp\/v2\/pages\/7\/revisions"}],"predecessor-version":[{"id":391,"href":"http:\/\/surveypago.com\/mx\/wp-json\/wp\/v2\/pages\/7\/revisions\/391"}],"wp:attachment":[{"href":"http:\/\/surveypago.com\/mx\/wp-json\/wp\/v2\/media?parent=7"}],"curies":[{"name":"wp","href":"https:\/\/api.w.org\/{rel}","templated":true}]}}