{"id":7,"date":"2018-05-23T21:48:16","date_gmt":"2018-05-23T21:48:16","guid":{"rendered":"http:\/\/surveypago.com\/surveypago-2\/?page_id=7"},"modified":"2020-10-05T13:29:00","modified_gmt":"2020-10-05T13:29:00","slug":"rewards","status":"publish","type":"page","link":"http:\/\/surveypago.com\/de\/rewards\/","title":{"rendered":"REWARDS"},"content":{"rendered":"<p><!-- Call To Action --><\/p>\n<div id=\"cta\">\n<div class=\"container centered\">\n<h1 style=\"color:#ffffff\"><b>  Belohnung  <\/b><\/h1>\n<\/div>\n<\/div>\n<p><\/br><\/p>\n<section class=\"home-data-container bg-blue\">\n<div class=\"container\">\n<div class=\"row\">\n<div>\n<div class=\"data-container\">\n          <img decoding=\"async\" align=\"Top\" src=\"http:\/\/surveypago.com\/surveypago-2\/wp-content\/uploads\/sites\/20\/2018\/05\/img_7.jpg\" alt=\"opina_top\" style=\"float: left; margin: 10px;\" \/> <\/p>\n<h3 class=\"page_title\">F\u00fcr Umfragen bezahlt werden<\/h3>\n<p> Das Umfrage-Pago-Gremium bringt Personen zusammen, die bereit sind, von Zeit zu Zeit an bezahlten Umfragen zu verschiedenen Themen teilzunehmen: neue Produkte oder Dienstleistungen, Websites, Fernsehprogramme, Magazine, Anzeigen\u2026 Jedes Mitglied kann frei entscheiden, ob es dies tut oder nicht. Nehmen Sie an den Umfragen teil, die an sie gesendet werden. Sie sind jedoch nicht verpflichtet, in regelm\u00e4\u00dfigen Abst\u00e4nden an Umfragen teilzunehmen. <\/p>\n<p>Wir bieten allen unseren Benutzern Umfragen von bester Qualit\u00e4t, mit denen Sie auf eine Vielzahl von Unternehmen zugreifen k\u00f6nnen und die M\u00f6glichkeit haben, die beste Option f\u00fcr Sie auszuw\u00e4hlen. Verdienen Sie Geld f\u00fcr das Ausf\u00fcllen von Umfragen bequem von zu Hause aus. <\/p>\n<\/p><\/div>\n<\/p><\/div>\n<\/p><\/div>\n<\/p><\/div>\n<\/section>\n<div class=\"container g\">\n<div class=\"mid_part clearfix\">\n<div class=\"page_content\">\n<p>Wenn Sie dem SurveyPago Panel beitreten, haben Sie die M\u00f6glichkeit, Belohnungen f\u00fcr kurze, regelm\u00e4\u00dfige Online-Umfragen zu erhalten. Die meisten unserer Umfragen sind kurz, einfach und machen Spa\u00df. Und im Gegensatz zu vielen anderen Umfrage-Panels qualifizieren Sie sich f\u00fcr die meisten von uns versendeten Umfragen.<\/p>\n<p><strong>W\u00e4hlen Sie Cash Rewards oder Geschenkgutscheine <\/strong><\/p>\n<p><span style=\"line-height: 1.6em;\">Wir haben ein einfaches Belohnungsmodell. Sammeln Sie f\u00fcr jede Umfrage, die Sie ausf\u00fcllen, Belohnungspunkte. Sie k\u00f6nnen Ihre Pr\u00e4mien einfordern, sobald Sie den Mindestzahlungsbetrag erreicht haben. Entscheiden Sie sich zwischen elektronisch gelieferte Geschenkgutscheine (Amazon oder GiftPay eGifts) oder \u00fcber Pay Pal beanspruchte Bargeldpr\u00e4mien. Einfach, transparent und leicht. Belohnungen k\u00f6nnen beansprucht werden, sobald Sie das Mindestguthaben erreicht haben. <\/span><\/p>\n<\/div>\n<\/div>\n<\/div>\n<p><\/br><\/p>\n<p><!-- \/more info --><\/p>\n<div class=\"container\">\n<div class=\"row\">\n<h4 class=\"centered\"><b>  Erhalten Sie sichere Zahlungen  <\/b><\/h4>\n<p>&nbsp;<\/p>\n<div class=\"col-md-4\">\n<div class=\"bc\">\n<p><img decoding=\"async\" class=\"img-responsive\" src=\"http:\/\/surveypago.com\/surveypago-2\/wp-content\/uploads\/sites\/20\/2018\/05\/img_4.jpg\" alt=\"\" \/><\/p>\n<h4 class=\"centered\"><b> PayPal <\/b><\/h4>\n<p>Wenn Sie kein Konto bei PayPal haben, richtet PayPal dieses automatisch ein und sendet Ihnen Details zum Anmelden, wenn die \u00dcbertragung abgeschlossen ist.<\/p>\n<\/div>\n<\/div>\n<div class=\"col-md-4\">\n<div class=\"bc\">\n<p><img decoding=\"async\" class=\"img-responsive\" src=\"http:\/\/surveypago.com\/surveypago-2\/wp-content\/uploads\/sites\/20\/2018\/05\/img_5.jpg\" alt=\"\" \/><\/p>\n<h4 class=\"centered\"><b> Gutschein <\/b><\/h4>\n<p>Nachdem Sie gen\u00fcgend Guthaben gesammelt haben, k\u00f6nnen Sie Ihre E-Gift Card-Anspruchscode direkt an Ihre E-Mail-Adresse senden lassen.<\/p>\n<\/div>\n<\/div>\n<div class=\"col-md-4\">\n<div class=\"bc\">\n<p><img decoding=\"async\" class=\"img-responsive\" src=\"http:\/\/surveypago.com\/surveypago-2\/wp-content\/uploads\/sites\/20\/2018\/05\/img_6.jpg\" alt=\"\" \/><\/p>\n<h4 class=\"centered\"><b> GCodes <\/b><\/h4>\n<p>Virtuelle Geschenkcodes von GCodes k\u00f6nnen gegen viele Pr\u00e4mien eingel\u00f6st werden, darunter Waren, digitale Magazine, B\u00fccher, Tickets und mehr!  <\/p>\n<\/div>\n<\/div>\n<\/div>\n<p><!-- \/row --><\/p>\n<p><!-- \/container -->\n<\/div>\n","protected":false},"excerpt":{"rendered":"<p>Belohnung F\u00fcr Umfragen bezahlt werden Das Umfrage-Pago-Gremium bringt Personen zusammen, die bereit sind, von Zeit zu Zeit an bezahlten Umfragen zu verschiedenen Themen teilzunehmen: neue Produkte oder Dienstleistungen, Websites, Fernsehprogramme, Magazine, Anzeigen\u2026 Jedes Mitglied kann frei entscheiden, ob es dies tut oder nicht. Nehmen Sie an den Umfragen teil, die an sie gesendet werden. Sie [&hellip;]<\/p>\n","protected":false},"author":1,"featured_media":0,"parent":0,"menu_order":0,"comment_status":"closed","ping_status":"closed","template":"","meta":{"footnotes":""},"class_list":["post-7","page","type-page","status-publish","hentry"],"_links":{"self":[{"href":"http:\/\/surveypago.com\/de\/wp-json\/wp\/v2\/pages\/7","targetHints":{"allow":["GET"]}}],"collection":[{"href":"http:\/\/surveypago.com\/de\/wp-json\/wp\/v2\/pages"}],"about":[{"href":"http:\/\/surveypago.com\/de\/wp-json\/wp\/v2\/types\/page"}],"author":[{"embeddable":true,"href":"http:\/\/surveypago.com\/de\/wp-json\/wp\/v2\/users\/1"}],"replies":[{"embeddable":true,"href":"http:\/\/surveypago.com\/de\/wp-json\/wp\/v2\/comments?post=7"}],"version-history":[{"count":34,"href":"http:\/\/surveypago.com\/de\/wp-json\/wp\/v2\/pages\/7\/revisions"}],"predecessor-version":[{"id":417,"href":"http:\/\/surveypago.com\/de\/wp-json\/wp\/v2\/pages\/7\/revisions\/417"}],"wp:attachment":[{"href":"http:\/\/surveypago.com\/de\/wp-json\/wp\/v2\/media?parent=7"}],"curies":[{"name":"wp","href":"https:\/\/api.w.org\/{rel}","templated":true}]}}