{"id":22,"date":"2018-05-23T22:00:52","date_gmt":"2018-05-23T22:00:52","guid":{"rendered":"http:\/\/surveypago.com\/surveypago-2\/?page_id=22"},"modified":"2020-10-05T13:23:32","modified_gmt":"2020-10-05T13:23:32","slug":"home","status":"publish","type":"page","link":"http:\/\/surveypago.com\/de\/","title":{"rendered":"HOME"},"content":{"rendered":"<div id=\"aboutwrap\">\n<div class=\"container\">\n<div class=\"row\">\n<h2 style=\"color: #ffffff; font-weight: 500;\">Lassen Sie sich f\u00fcr die Beantwortung von Umfragen bezahlen.<\/h2>\n<div class=\"container sinfo\" style=\"max-width: 60%;\">\n<h4 style=\"color: #ffffff;\">Nehmen Sie an interessanten Umfragen teil.<\/h4>\n<h4 style=\"color: #ffffff;\">Verdienen Sie schnell! <\/h4>\n<h4 style=\"color: #ffffff;\">W\u00e4hlen Sie Ihre Zahlungsmethode aus!<\/h4>\n<p><\/br><a href=\"http:\/\/surveypago.com\/surveypago-2\/join\/?\"><button class=\"btn btn-embossed btn-snd\" style=\"font-size:20px\"> Treten Sie unserem Panel bei <\/button><\/a>\n<\/div>\n<\/div>\n<\/div>\n<\/div>\n<p><!-- \/aboutrwrap --><\/p>\n<p><!-- container --><\/p>\n<div id=\"g\">\n<div class=\"container\">\n<div class=\"row\">\n<h4 class=\"centered\"><b> Gr\u00fcnde f\u00fcr die Teilnahme an Survey Pago <\/b><\/h4>\n<p>&nbsp;<\/p>\n<div class=\"col-md-4\">\n<div class=\"bc\">\n<p><img decoding=\"async\" class=\"img-responsive\" src=\"http:\/\/surveypago.com\/surveypago-2\/wp-content\/uploads\/sites\/20\/2018\/05\/img_home1.jpg\" alt=\"\" \/><\/p>\n<h4 class=\"centered\"><b> Lassen Sie sich entsch\u00e4digen <\/b><\/h4>\n<p>Wir bezahlen Sie f\u00fcr jede einzelne Umfrage, die Sie ausf\u00fcllen, und helfen Ihnen dabei, ein wenig mehr zu verdienen.<\/p>\n<\/div>\n<\/div>\n<div class=\"col-md-4\">\n<div class=\"bc\">\n<p><img decoding=\"async\" class=\"img-responsive\" src=\"http:\/\/surveypago.com\/surveypago-2\/wp-content\/uploads\/sites\/20\/2018\/05\/img_home2.jpg\" alt=\"\" \/><\/p>\n<h4 class=\"centered\"><b> Kurze, einfache Umfragen <\/b><\/h4>\n<p>Unsere Online-Umfragen dauern in der Regel zwischen 2 und 15 Minuten, sodass sie problemlos in Ihren Tag passen.\n<\/p><\/div>\n<\/div>\n<div class=\"col-md-4\">\n<div class=\"bc\">\n<p><img decoding=\"async\" class=\"img-responsive\" src=\"http:\/\/surveypago.com\/surveypago-2\/wp-content\/uploads\/sites\/20\/2018\/05\/img_home3.jpg\" alt=\"\" \/><\/p>\n<h4 class=\"centered\"><b> Es macht Spa\u00df und ist kostenlos  <\/b><\/h4>\n<p>Es sind Ihre Meinungen zu allt\u00e4glichen Dingen, die z\u00e4hlen. Wir bezahlen Sie daf\u00fcr, dass Sie Ihre Meinung zu Produkten \u00e4u\u00dfern, die Sie t\u00e4glich verwenden. <\/p>\n<\/div>\n<\/div>\n<\/div>\n<p><!-- \/row --><\/p>\n<\/div>\n<p><!-- \/container --><\/p>\n<p><!-- Call To Action --><\/p>\n<div id=\"cta\">\n<div class=\"container centered\">\n<h3>Teilen Sie Ihr Meinung mit uns und werden Sie belohnt  <\/h3>\n<h4 style=\"color:#ffffff\"> Beantworten Sie Umfragen und verdienen Sie zwischen 0,25 und 5,00 USD f\u00fcr jede ausgef\u00fcllte Umfrage <\/h><\/p>\n<p><a href=\"http:\/\/surveypago.com\/surveypago-2\/join\/?\"><button class=\"btn btn-embossed btn-primary\"> Treten Sie unserem Panel bei  <\/button><\/a><\/p>\n<\/div>\n<\/div>\n<div class=\"container sinfo\" style=\"background-color: #ffffff;\">\n<div class=\"row\">\n<div class=\"col-lg-6\"><img decoding=\"async\" class=\"img-responsive\" src=\"http:\/\/surveypago.com\/surveypago-2\/wp-content\/uploads\/sites\/20\/2018\/06\/imagem_home_gr_3.jpg\" alt=\"\" \/><\/div>\n<p><!-- \/col-lg-6 --><\/p>\n<div class=\"col-lg-6\">\n<h4 style=\"color:#f0555d ; font-weight: bold; \">Melden Sie sich an, f\u00fcllen Sie Umfragen aus und verdienen Sie Geld.<\/h4>\n<p style=\"color: #104f85;\">F\u00fchrende Marken m\u00f6chten wissen, was Sie \u00fcber ihre Produkte und Dienstleistungen denken. Aus diesem Grund k\u00f6nnen Sie jedes Mal, wenn Sie eine Umfrage ausf\u00fcllen, bezahlt werden. So k\u00f6nnen Sie nebenbei ein bisschen etwas Extra verdienen. <\/p>\n<p style=\"color: #104f85;\">Abh\u00e4ngig von der L\u00e4nge und Art der Umfrage, an der Sie teilnehmen, k\u00f6nnen Sie Ihr Einkommen steigern. Mit aktuellen Umfragen zu verschiedenen Themen. <\/p>\n<p>Klicken Sie zun\u00e4chst auf die Schaltfl\u00e4che unten, um sich anzumelden.\n<\/p>\n<p><a href=\"http:\/\/surveypago.com\/surveypago-2\/join\/?\"><button class=\"btn btn-embossed btn-primary\"> NOCH HEUTE ANMELDEN! <\/button><\/a>\n<\/div>\n<p><!-- \/col-lg-6 -->\n<\/div>\n<p><!-- \/row -->\n<\/div>\n<p><!-- grey wrap -->\n<\/div>\n","protected":false},"excerpt":{"rendered":"<p>Lassen Sie sich f\u00fcr die Beantwortung von Umfragen bezahlen. Nehmen Sie an interessanten Umfragen teil. Verdienen Sie schnell! W\u00e4hlen Sie Ihre Zahlungsmethode aus! Treten Sie unserem Panel bei Gr\u00fcnde f\u00fcr die Teilnahme an Survey Pago &nbsp; Lassen Sie sich entsch\u00e4digen Wir bezahlen Sie f\u00fcr jede einzelne Umfrage, die Sie ausf\u00fcllen, und helfen Ihnen dabei, ein [&hellip;]<\/p>\n","protected":false},"author":1,"featured_media":0,"parent":0,"menu_order":0,"comment_status":"closed","ping_status":"closed","template":"","meta":{"footnotes":""},"class_list":["post-22","page","type-page","status-publish","hentry"],"_links":{"self":[{"href":"http:\/\/surveypago.com\/de\/wp-json\/wp\/v2\/pages\/22","targetHints":{"allow":["GET"]}}],"collection":[{"href":"http:\/\/surveypago.com\/de\/wp-json\/wp\/v2\/pages"}],"about":[{"href":"http:\/\/surveypago.com\/de\/wp-json\/wp\/v2\/types\/page"}],"author":[{"embeddable":true,"href":"http:\/\/surveypago.com\/de\/wp-json\/wp\/v2\/users\/1"}],"replies":[{"embeddable":true,"href":"http:\/\/surveypago.com\/de\/wp-json\/wp\/v2\/comments?post=22"}],"version-history":[{"count":78,"href":"http:\/\/surveypago.com\/de\/wp-json\/wp\/v2\/pages\/22\/revisions"}],"predecessor-version":[{"id":415,"href":"http:\/\/surveypago.com\/de\/wp-json\/wp\/v2\/pages\/22\/revisions\/415"}],"wp:attachment":[{"href":"http:\/\/surveypago.com\/de\/wp-json\/wp\/v2\/media?parent=22"}],"curies":[{"name":"wp","href":"https:\/\/api.w.org\/{rel}","templated":true}]}}