{"id":22,"date":"2018-05-23T22:00:52","date_gmt":"2018-05-23T22:00:52","guid":{"rendered":"http:\/\/surveypago.com\/surveypago-2\/?page_id=22"},"modified":"2020-09-25T19:42:36","modified_gmt":"2020-09-25T19:42:36","slug":"home","status":"publish","type":"page","link":"http:\/\/surveypago.com\/co\/","title":{"rendered":"HOME"},"content":{"rendered":"<div id=\"aboutwrap\">\n<div class=\"container\">\n<div class=\"row\">\n<h2 style=\"color: #ffffff; font-weight: 500;\"> Obtenga pagos por responder encuestas. <\/h2>\n<div class=\"container sinfo\" style=\"max-width: 60%;\">\n<h4 style=\"color: #ffffff;\"> Participa en encuestas interesantes.<\/h4>\n<h4 style=\"color: #ffffff;\"> Comience a ganar r\u00e1pidamente!<\/h4>\n<h4 style=\"color: #ffffff;\"> Escoja su m\u00e9todo de pago!<\/h4>\n<p><\/br><a href=\"http:\/\/surveypago.com\/surveypago-2\/join\/?\"><button class=\"btn btn-embossed btn-snd\" style=\"font-size:20px\"> \u00daNASE A NUESTRO PANEL <\/button><\/a>\n<\/div>\n<\/div>\n<\/div>\n<\/div>\n<p><!-- \/aboutrwrap --><\/p>\n<p><!-- container --><\/p>\n<div id=\"g\">\n<div class=\"container\">\n<div class=\"row\">\n<h4 class=\"centered\"><b> Razones para unirse a SurveyPago <\/b><\/h4>\n<p>&nbsp;<\/p>\n<div class=\"col-md-4\">\n<div class=\"bc\">\n<p><img decoding=\"async\" class=\"img-responsive\" src=\"http:\/\/surveypago.com\/wp-content\/uploads\/sites\/7\/2018\/05\/img_home1.jpg\" alt=\"\" \/><\/p>\n<h4 class=\"centered\"><b> Ser compensado <\/b><\/h4>\n<p>Le pagamos por cada encuesta que completa, ayud\u00e1ndole a hacer un poco de dinero adicional para gastar como desee.<\/p>\n<\/div>\n<\/div>\n<div class=\"col-md-4\">\n<div class=\"bc\">\n<p><img decoding=\"async\" class=\"img-responsive\" src=\"http:\/\/surveypago.com\/wp-content\/uploads\/sites\/7\/2018\/05\/img_home2.jpg\" alt=\"\" \/><\/p>\n<h4 class=\"centered\"><b> Encuestas cortas y f\u00e1ciles <\/b><\/h4>\n<p>Nuestras encuestas en l\u00ednea generalmente demoran entre 2 y 15 minutos en completarse, por lo que son f\u00e1ciles de adaptar a su d\u00eda.<\/p>\n<\/div>\n<\/div>\n<div class=\"col-md-4\">\n<div class=\"bc\">\n<p><img decoding=\"async\" class=\"img-responsive\" src=\"http:\/\/surveypago.com\/wp-content\/uploads\/sites\/7\/2018\/05\/img_home3.jpg\" alt=\"\" \/><\/p>\n<h4 class=\"centered\"><b> Es divertido y gratis <\/b><\/h4>\n<p>Son sus opiniones sobre las cosas cotidianas las que cuentan, as\u00ed que le pagaremos por dar su opini\u00f3n sobre los productos que disfruta usando a diario.<\/p>\n<\/div>\n<\/div>\n<\/div>\n<p><!-- \/row --><\/p>\n<\/div>\n<p><!-- \/container --><\/p>\n<p><!-- Call To Action --><\/p>\n<div id=\"cta\">\n<div class=\"container centered\">\n<h3>DANOS TU OPINI\u00d3N Y SER\u00c1 RECOMPENSADO <\/h3>\n<h4 style=\"color:#ffffff\"> Responda encuestas y gane de $0.13 a $3.25 USD por cada una completada <\/h><\/p>\n<p><a href=\"http:\/\/surveypago.com\/surveypago-2\/join\/?\"><button class=\"btn btn-embossed btn-primary\"> \u00daNASE A NUESTRO PANEL<\/button><\/a><\/p>\n<\/div>\n<\/div>\n<div class=\"container sinfo\" style=\"background-color: #ffffff;\">\n<div class=\"row\">\n<div class=\"col-lg-6\"><img decoding=\"async\" class=\"img-responsive\" src=\"http:\/\/surveypago.com\/wp-content\/uploads\/sites\/7\/2018\/06\/imagem_home_gr_3.jpg\" alt=\"\" \/><\/div>\n<p><!-- \/col-lg-6 --><\/p>\n<div class=\"col-lg-6\">\n<h4 style=\"color:#f0555d ; font-weight: bold; \"> Reg\u00edstrese, complete encuestas, gane dinero .<\/h4>\n<p style=\"color: #104f85;\"> Las principales marcas quieren saber qu\u00e9 piensas sobre sus productos y servicios. Es por eso que puede recibir el pago de las encuestas en efectivo cada vez que completa una, lo que le ayuda a hacer un poco de dinero adicional para gastar como desee; tanto si es para regalar  a otra persona o algo que te gustar\u00eda comprarte.<\/p>\n<p style=\"color: #104f85;\"> Seg\u00fan la duraci\u00f3n y el tipo de encuesta en la que participe, puede aumentar sus ganancias. Y con encuestas recientes que cubren varios temas.<br \/>\nPara comenzar, haz clic en el siguiente bot\u00f3n para registrarte.<\/p>\n<p><a href=\"http:\/\/surveypago.com\/surveypago-2\/join\/?\"><button class=\"btn btn-embossed btn-primary\"> \u00a1REG\u00cdSTRATE HOY! <\/button><\/a>\n<\/div>\n<p><!-- \/col-lg-6 -->\n<\/div>\n<p><!-- \/row -->\n<\/div>\n<p><!-- grey wrap -->\n<\/div>\n","protected":false},"excerpt":{"rendered":"<p>Obtenga pagos por responder encuestas. Participa en encuestas interesantes. Comience a ganar r\u00e1pidamente! Escoja su m\u00e9todo de pago! \u00daNASE A NUESTRO PANEL Razones para unirse a SurveyPago &nbsp; Ser compensado Le pagamos por cada encuesta que completa, ayud\u00e1ndole a hacer un poco de dinero adicional para gastar como desee. Encuestas cortas y f\u00e1ciles Nuestras encuestas [&hellip;]<\/p>\n","protected":false},"author":1,"featured_media":0,"parent":0,"menu_order":0,"comment_status":"closed","ping_status":"closed","template":"","meta":{"footnotes":""},"class_list":["post-22","page","type-page","status-publish","hentry"],"_links":{"self":[{"href":"http:\/\/surveypago.com\/co\/wp-json\/wp\/v2\/pages\/22","targetHints":{"allow":["GET"]}}],"collection":[{"href":"http:\/\/surveypago.com\/co\/wp-json\/wp\/v2\/pages"}],"about":[{"href":"http:\/\/surveypago.com\/co\/wp-json\/wp\/v2\/types\/page"}],"author":[{"embeddable":true,"href":"http:\/\/surveypago.com\/co\/wp-json\/wp\/v2\/users\/1"}],"replies":[{"embeddable":true,"href":"http:\/\/surveypago.com\/co\/wp-json\/wp\/v2\/comments?post=22"}],"version-history":[{"count":82,"href":"http:\/\/surveypago.com\/co\/wp-json\/wp\/v2\/pages\/22\/revisions"}],"predecessor-version":[{"id":417,"href":"http:\/\/surveypago.com\/co\/wp-json\/wp\/v2\/pages\/22\/revisions\/417"}],"wp:attachment":[{"href":"http:\/\/surveypago.com\/co\/wp-json\/wp\/v2\/media?parent=22"}],"curies":[{"name":"wp","href":"https:\/\/api.w.org\/{rel}","templated":true}]}}