{"id":22,"date":"2018-05-23T22:00:52","date_gmt":"2018-05-23T22:00:52","guid":{"rendered":"http:\/\/surveypago.com\/surveypago-2\/?page_id=22"},"modified":"2019-05-10T20:18:52","modified_gmt":"2019-05-10T20:18:52","slug":"home","status":"publish","type":"page","link":"http:\/\/surveypago.com\/br\/","title":{"rendered":"HOME"},"content":{"rendered":"<div id=\"aboutwrap\">\n<div class=\"container\">\n<div class=\"row\">\n<h2 style=\"color: #ffffff; font-weight: 500;\">Seja pago para responder pesquisas.<\/h2>\n<div class=\"container sinfo\" style=\"max-width: 60%;\">\n<h4 style=\"color: #ffffff;\">Participe de pesquisas interessantes.<\/h4>\n<h4 style=\"color: #ffffff;\">Comece a ganhar rapidamente!<\/h4>\n<h4 style=\"color: #ffffff;\">Escolha o seu m\u00e9todo de pagamento!<\/h4>\n<p><a href=\"http:\/\/surveypago.com\/br\/join\/?\"><button class=\"btn btn-embossed btn-snd\" style=\"font-size: 20px;\"> JUNTE-SE AO NOSSO PAINEL <\/button><\/a><\/p>\n<\/div>\n<\/div>\n<\/div>\n<\/div>\n<p><!-- \/aboutrwrap --><\/p>\n<p><!-- container --><\/p>\n<div id=\"g\">\n<div class=\"container\">\n<div class=\"row\">\n<h4 class=\"centered\"><b>Raz\u00f5es para juntar-se ao Survey Pago<\/b><\/h4>\n<p>&nbsp;<\/p>\n<div class=\"col-md-4\">\n<div class=\"bc\">\n<p><img decoding=\"async\" class=\"img-responsive\" src=\"http:\/\/surveypago.com\/wp-content\/uploads\/sites\/2\/2018\/05\/img_home1.jpg\" alt=\"\" \/><\/p>\n<h4 class=\"centered\"><b> Seja recompensado <\/b><\/h4>\n<p>Pagamos por cada pesquisa respondida, ajudamos voc\u00ea a fazer um dinheiro extra para gastar como quiser.<\/p>\n<\/div>\n<\/div>\n<div class=\"col-md-4\">\n<div class=\"bc\">\n<p><img decoding=\"async\" class=\"img-responsive\" src=\"http:\/\/surveypago.com\/wp-content\/uploads\/sites\/2\/2018\/05\/img_home2.jpg\" alt=\"\" \/><\/p>\n<h4 class=\"centered\"><b>Pesquisas f\u00e1ceis e r\u00e1pidas<\/b><\/h4>\n<p>Nossas pesquisas on-line normalmente levam de 2 a 15 minutos para serem conclu\u00eddas, facilitando a adapta\u00e7\u00e3o ao seu dia.<\/p>\n<\/div>\n<\/div>\n<div class=\"col-md-4\">\n<div class=\"bc\">\n<p><img decoding=\"async\" class=\"img-responsive\" src=\"http:\/\/surveypago.com\/wp-content\/uploads\/sites\/2\/2018\/05\/img_home3.jpg\" alt=\"\" \/><\/p>\n<h4 class=\"centered\"><b> \u00c9 divertido e gratuito. <\/b><\/h4>\n<p>\u00c9 a sua opini\u00e3o sobre as coisas do dia-a-dia que precisamos, por isso, pagamos  voc\u00ea por expressar suas opini\u00f5es sobre os produtos que voc\u00ea usa diariamente.<\/p>\n<\/div>\n<\/div>\n<\/div>\n<p><!-- \/row --><\/p>\n<\/div>\n<p><!-- \/container --><\/p>\n<p><!-- Call To Action --><\/p>\n<div id=\"cta\">\n<div class=\"container centered\">\n<h3>D\u00ca SUA OPINI\u00c3O E SEJA RECOMPENSADO <\/h3>\n<h4 style=\"color: #ffffff;\">Responda a pesquisas e ganhe de $ 0.13 a $ 3.25 USD por cada uma conclu\u00edda.<\/h4>\n<p><a href=\"http:\/\/surveypago.com\/br\/join\/?\"><button class=\"btn btn-embossed btn-primary\"> JUNTE-SE AO NOSSO PAINEL <\/button><\/a><\/p>\n<\/div>\n<\/div>\n<div class=\"container sinfo\" style=\"background-color: #ffffff;\">\n<div class=\"row\">\n<div class=\"col-lg-6\"><img decoding=\"async\" class=\"img-responsive\" src=\"http:\/\/surveypago.com\/wp-content\/uploads\/sites\/2\/2018\/06\/imagem_home_gr_3.jpg\" alt=\"\" \/><\/div>\n<p><!-- \/col-lg-6 --><\/p>\n<div class=\"col-lg-6\">\n<h4 style=\"color: #f0555d; font-weight: bold;\">Inscreva-se, complete as pesquisas e ganhe dinheiro.<\/h4>\n<p style=\"color: #104f85;\">Marcas l\u00edderes querem saber o que voc\u00ea pensa sobre produtos e servi\u00e7os. \u00c9 por isso que voc\u00ea pode ser pago em dinheiro toda vez que concluir uma pesquisa, ajudando voc\u00ea a ganhar um pouco mais de dinheiro para gastar da maneira que desejar.<\/p>\n<p style=\"color: #104f85;\">As pesquisas s\u00e3o de v\u00e1rios tamanhos e com t\u00f3picos recentes e diversificados, voc\u00ea pode aumentar seus ganhos participando das pesquisas.<br \/>\nPara come\u00e7ar, clique no bot\u00e3o abaixo para se inscrever.<\/p>\n<p><a href=\"http:\/\/surveypago.com\/br\/join\/?\"><button class=\"btn btn-embossed btn-primary\"> INSCREVA-SE HOJE! <\/button><\/a><\/p>\n<\/div>\n<p><!-- \/col-lg-6 --><\/p>\n<\/div>\n<p><!-- \/row --><\/p>\n<\/div>\n<p><!-- grey wrap --><\/p>\n<\/div>\n","protected":false},"excerpt":{"rendered":"<p>Seja pago para responder pesquisas. Participe de pesquisas interessantes. Comece a ganhar rapidamente! Escolha o seu m\u00e9todo de pagamento! JUNTE-SE AO NOSSO PAINEL Raz\u00f5es para juntar-se ao Survey Pago &nbsp; Seja recompensado Pagamos por cada pesquisa respondida, ajudamos voc\u00ea a fazer um dinheiro extra para gastar como quiser. Pesquisas f\u00e1ceis e r\u00e1pidas Nossas pesquisas on-line [&hellip;]<\/p>\n","protected":false},"author":1,"featured_media":0,"parent":0,"menu_order":0,"comment_status":"closed","ping_status":"closed","template":"","meta":{"footnotes":""},"class_list":["post-22","page","type-page","status-publish","hentry"],"_links":{"self":[{"href":"http:\/\/surveypago.com\/br\/wp-json\/wp\/v2\/pages\/22","targetHints":{"allow":["GET"]}}],"collection":[{"href":"http:\/\/surveypago.com\/br\/wp-json\/wp\/v2\/pages"}],"about":[{"href":"http:\/\/surveypago.com\/br\/wp-json\/wp\/v2\/types\/page"}],"author":[{"embeddable":true,"href":"http:\/\/surveypago.com\/br\/wp-json\/wp\/v2\/users\/1"}],"replies":[{"embeddable":true,"href":"http:\/\/surveypago.com\/br\/wp-json\/wp\/v2\/comments?post=22"}],"version-history":[{"count":82,"href":"http:\/\/surveypago.com\/br\/wp-json\/wp\/v2\/pages\/22\/revisions"}],"predecessor-version":[{"id":388,"href":"http:\/\/surveypago.com\/br\/wp-json\/wp\/v2\/pages\/22\/revisions\/388"}],"wp:attachment":[{"href":"http:\/\/surveypago.com\/br\/wp-json\/wp\/v2\/media?parent=22"}],"curies":[{"name":"wp","href":"https:\/\/api.w.org\/{rel}","templated":true}]}}